{"id":8,"date":"2018-08-10T11:33:17","date_gmt":"2018-08-10T11:33:17","guid":{"rendered":"http:\/\/cushion.community-languages.org.uk\/?page_id=8"},"modified":"2025-09-22T17:34:37","modified_gmt":"2025-09-22T17:34:37","slug":"publications","status":"publish","type":"page","link":"https:\/\/cushion.community-languages.org.uk\/?page_id=8","title":{"rendered":"Publications"},"content":{"rendered":"<ul>\n<li><a href=\"https:\/\/monthlyreview.org\/9781685901028\/\" target=\"_blank\" rel=\"noopener\">Slavery in the British Empire and its Legacy in the Modern World<\/a> &#8211; Monthly Review<img loading=\"lazy\" decoding=\"async\" class=\"alignright size-medium wp-image-136\" src=\"https:\/\/cushion.community-languages.org.uk\/wp-content\/uploads\/2025\/09\/9781685901028-204x300.avif\" alt=\"\" width=\"204\" height=\"300\" srcset=\"https:\/\/cushion.community-languages.org.uk\/wp-content\/uploads\/2025\/09\/9781685901028-204x300.avif 204w, https:\/\/cushion.community-languages.org.uk\/wp-content\/uploads\/2025\/09\/9781685901028.avif 596w\" sizes=\"auto, (max-width: 204px) 100vw, 204px\" \/><\/li>\n<li><a href=\"https:\/\/monthlyreview.org\/articles\/neocolonialism-through-debt-how-french-and-u-s-banks-underdeveloped-haiti\/\" target=\"_blank\" rel=\"noopener\">Neocolonialism through Debt: How French and U.S. Banks Underdeveloped Haiti<\/a> &#8211; Monthly Review<\/li>\n<li><a href=\"https:\/\/community-languages.org.uk\/?page_id=364\" target=\"_blank\" rel=\"noopener\">Guerrilleros: Spanish Antifascists in the Resistance &#8211; France 1939-46<\/a> &#8211; Socialist History [Forthcoming]<\/li>\n<li><a href=\"https:\/\/cls-uk.org.uk\/?p=1959\" target=\"_blank\" rel=\"noopener\">Christopher Codrington and the Business of Slavery, A response to <em>Renewal and Reconciliation: The Codrington Reparations Project <\/em><\/a>&#8211; Caribbean Labour Solidarity<\/li>\n<li><a href=\"http:\/\/cushion.community-languages.org.uk\/wp-content\/uploads\/2024\/01\/S.-Cushion.-.pdf\" target=\"_blank\" rel=\"noopener\">Los comunistas, los afrocubanos y la Revoluci\u00f3n Cubana (1955-1959)<\/a> in <em>Los comunismos en Am\u00e9rica Latina. Recepciones y militancias (1948-1991) &#8211; Volumen III<\/em><\/li>\n<li><a href=\"http:\/\/cls-uk.org.uk\/wp-content\/uploads\/2023\/12\/No-Gladstone.pdf\" target=\"_blank\" rel=\"noopener\">No Gladstone in the Park: The Gladstone Family and the Business of Slavery<\/a> &#8211; Caribbean Labour Solidarity<\/li>\n<li><a href=\"http:\/\/cushion.community-languages.org.uk\/wp-content\/uploads\/2023\/09\/Decolonising-and-decarbonising-cushion.pdf\" target=\"_blank\" rel=\"noopener\">Decolonising and Decarbonising<\/a> &#8211; International Trade Union Rights<\/li>\n<li><a href=\"http:\/\/cls-uk.org.uk\/?p=1204\" target=\"_blank\" rel=\"noopener\">Sir Robert Geffrye and the Business of Slavery<\/a> &#8211; \u00a0Hackney Stand Up To Racism and Caribbean Labour Solidarity<\/li>\n<li><a href=\"http:\/\/cushion.community-languages.org.uk\/wp-content\/uploads\/2024\/01\/Drax-3.pdf\" target=\"_blank\" rel=\"noopener\">The Drax Family Dynasty and the Business of Slavery: Why Reparations For Slavery is a Trade Union Issue<\/a> &#8211; Dorset Stand Up To Racism and Caribbean Labour Solidarity<\/li>\n<li><a href=\"https:\/\/www.revistas.usp.br\/ts\/article\/view\/165088\/160150\" target=\"_blank\" rel=\"noopener\">Neoliberalism and trade unions in Britain<\/a>. TEMPO SOCIAL, 32 (1), 11-28.<\/li>\n<li><a href=\"http:\/\/cushion.community-languages.org.uk\/wp-content\/uploads\/2024\/01\/borders-full.pdf\" target=\"_blank\" rel=\"noopener\">Death at the Frontier: Border Control, Migration and the Workers\u2019 Movement<\/a> &#8211; Caribbean Labour Solidarity [jointly with Luke Daniels and Nadine Finch]<\/li>\n<li><a href=\"http:\/\/www.socialisthistorysociety.co.uk\/?p=1248\" target=\"_blank\" rel=\"noopener\">On Strike Against the Nazis<\/a> &#8211; Socialist History Society<br \/>\n[jointly with Merilyn Moos]<\/li>\n<li><a href=\"http:\/\/community-languages.org.uk\/?page_id=271\" target=\"_blank\" rel=\"noopener noreferrer\">Anti-Nazi Germans<\/a> &#8211; Community Languages [jointly with Merilyn Moos]<\/li>\n<li class=\"western\"><a href=\"https:\/\/monthlyreview.org\/product\/a_hidden_history_of_the_cuban_revolution\/\" target=\"_blank\" rel=\"noopener noreferrer\">The Hidden History of the Cuban Revolution: How the Working Class Shaped the Guerrillas&#8217; Victory<\/a> &#8211; Monthly Review Press<\/li>\n<li><a href=\"http:\/\/cushion.community-languages.org.uk\/wp-content\/uploads\/2018\/08\/Movimiento-Obrero-Revolucionario.pdf\" target=\"_blank\" rel=\"noopener noreferrer\">Movimiento obrero revolucionario: la contribuci\u00f3n de la clase obrera al triunfo de la Revoluci\u00f3n 1952-1959<\/a> &#8211; Editora Historia<\/li>\n<li><a href=\"http:\/\/cushion.community-languages.org.uk\/wp-content\/uploads\/2024\/01\/killing-communists-ebook.pdf\" target=\"_blank\" rel=\"noopener noreferrer\">Killing Communists in Havana: The Start of the Cold War in Latin America<\/a> &#8211; Socialist History Society<\/li>\n<li class=\"western\"><a href=\"http:\/\/cushion.community-languages.org.uk\/wp-content\/uploads\/2024\/01\/Reparations.pdf\" target=\"_blank\" rel=\"noopener noreferrer\">Up Down Turn Around: The Political Economy of Slavery and the Socialist case for Reparations<\/a> &#8211; Caribbean Labour Solidarity<\/li>\n<li><a href=\"http:\/\/sas-space.sas.ac.uk\/4901\/\" target=\"_blank\" rel=\"noopener noreferrer\">Organised Labour and the Cuban Revolution, 1952-1959<\/a> &#8211; PhD thesis, Institute for the Study of the Americas, University of London<\/li>\n<li><a href=\"http:\/\/cushion.community-languages.org.uk\/wp-content\/uploads\/2024\/01\/alana8.FromtheRussianRevolutiontotheCuban.SteveCushion.pdf\" target=\"_blank\" rel=\"noopener noreferrer\">From the Russian Revolution to the Cuban Revolution<\/a> &#8211; Tens\u00f5es Mundiais \/ World Tensions<\/li>\n<li><a href=\"http:\/\/sas-space.sas.ac.uk\/6455\/\" target=\"_blank\" rel=\"noopener noreferrer\">\u203aProfite\u2039 oder \u203aPolitik\u2039 Die Dilemmata der britisch-kubanischen Beziehungen zu Beginn des Kalten Kriegs,<\/a>\u00a0 in: <em>Kleinstaaten und sekund\u00e4re Akteure im Kalten Krieg\u00a0 <\/em>[transcript]<\/li>\n<li><a href=\"http:\/\/sas-space.sas.ac.uk\/6454\/\" target=\"_blank\" rel=\"noopener noreferrer\">La perspectiva brit\u00e1nica sobre el r\u00e9gimen de Batista<\/a>, in: <em>La Rep\u00fablica: Econom\u00eda, Pol\u00edtica y Sociedad<\/em>. Cuadernos Cubanos de Historia, Editora Historia<\/li>\n<li><a href=\"http:\/\/sas-space.sas.ac.uk\/3073\/\" target=\"_blank\" rel=\"noopener noreferrer\">Organised labour and the Batista r\u00e9gime: a British diplomatic perspective<\/a> &#8211; The International Journal of Cuban Studies<\/li>\n<li><a href=\"http:\/\/sas-space.sas.ac.uk\/5102\/\" target=\"_blank\" rel=\"noopener noreferrer\"> A Working-class Heroine Is Also Something To Be: The Untold Story of Cuban Railway Workers and the Struggle against Batista<\/a>. MaCom\u00e9re<\/li>\n<li><a href=\"http:\/\/sas-space.sas.ac.uk\/6067\/\" target=\"_blank\" rel=\"noopener noreferrer\">Las reclamaciones de James J. O&#8217;Kelly al parlamento brit\u00e1nico por la fuga de Jos\u00e9 Maceo hacia Gibraltar<\/a>. in: <em>Maceo en el tiempo: acci\u00f3n, pensamiento y contexto hist\u00f3rico<\/em>. Editorial de Ciencias Sociales<\/li>\n<li><a href=\"http:\/\/sas-space.sas.ac.uk\/4913\/\" target=\"_blank\" rel=\"noopener noreferrer\"> Using the Transatlantic Slave Database to shed more light on a historiographical debate<\/a> &#8211; Society for Caribbean Studies<\/li>\n<li><a href=\"http:\/\/community-languages.org.uk\/SCS-Papers\/Cushion2010.pdf\" target=\"_blank\" rel=\"noopener noreferrer\">The Most Expensive Port in the World: Dock Workers and the Cuban Revolution 1948-1959<\/a> &#8211; Society for Caribbean Studies Annual Conference Papers<\/li>\n<li><a href=\"http:\/\/sas-space.sas.ac.uk\/3086\/\" target=\"_blank\" rel=\"noopener noreferrer\"> The 1941 miners&#8217; strike in northern France: from a dispute over soap to armed resistance<\/a>. Socialist History<\/li>\n<li><a href=\"http:\/\/sas-space.sas.ac.uk\/3085\/\" target=\"_blank\" rel=\"noopener noreferrer\">Una sublevaci\u00f3n de la clase obrera contra el Imperio Brit\u00e1nico<\/a>. in: <em>La Revoluci\u00f3n en el Bicentario : Reflexiones sobre la Emancipaci\u00f3n, Clases y Grupos Subalternos<\/em>. Colecci\u00f3n Grupos de Trabajo . CLACSO<\/li>\n<li><a href=\"https:\/\/commoditiesofempire.org.uk\/publications\/working-papers\/working-paper-15\/\" target=\"_blank\" rel=\"noopener noreferrer\"> Cuban Popular Resistance to the 1953 London Sugar Agreement<\/a>. Commodities of Empire Working Papers<\/li>\n<li class=\"western\">He is joint author with Kwabena Dennot Nyack of <a href=\"http:\/\/cls-uk.org.uk\/?p=279\" target=\"_blank\" rel=\"noopener noreferrer\">By Our Own Hands: A People&#8217;s History of the Grenadian Revolution<\/a><\/li>\n<li>He is joint author with Danny Reilly of <a href=\"http:\/\/cushion.community-languages.org.uk\/wp-content\/uploads\/2024\/01\/Mayflower-compressed-1.pdf\" target=\"_blank\" rel=\"noopener noreferrer\">Telling the Mayflower Story: Thanksgiving or Land Grabbing, Massacres &amp; Slavery?<\/a><\/li>\n<li>He is joint editor with Christian H\u00f8gsbjerg of <a href=\"http:\/\/cushion.community-languages.org.uk\/wp-content\/uploads\/2024\/01\/treason-compressed.pdf\" target=\"_blank\" rel=\"noopener noreferrer\">Treason: Rebel Warriors and Internationalist Traitors<\/a><\/li>\n<\/ul>\n","protected":false},"excerpt":{"rendered":"<p>Slavery in the British Empire and its Legacy in the Modern World &#8211; Monthly Review Neocolonialism through Debt: How French and U.S. Banks Underdeveloped Haiti &#8211; Monthly Review Guerrilleros: Spanish&#8230;<\/p>\n","protected":false},"author":1,"featured_media":0,"parent":0,"menu_order":0,"comment_status":"closed","ping_status":"closed","template":"","meta":{"footnotes":""},"class_list":["post-8","page","type-page","status-publish","hentry"],"_links":{"self":[{"href":"https:\/\/cushion.community-languages.org.uk\/index.php?rest_route=\/wp\/v2\/pages\/8","targetHints":{"allow":["GET"]}}],"collection":[{"href":"https:\/\/cushion.community-languages.org.uk\/index.php?rest_route=\/wp\/v2\/pages"}],"about":[{"href":"https:\/\/cushion.community-languages.org.uk\/index.php?rest_route=\/wp\/v2\/types\/page"}],"author":[{"embeddable":true,"href":"https:\/\/cushion.community-languages.org.uk\/index.php?rest_route=\/wp\/v2\/users\/1"}],"replies":[{"embeddable":true,"href":"https:\/\/cushion.community-languages.org.uk\/index.php?rest_route=%2Fwp%2Fv2%2Fcomments&post=8"}],"version-history":[{"count":25,"href":"https:\/\/cushion.community-languages.org.uk\/index.php?rest_route=\/wp\/v2\/pages\/8\/revisions"}],"predecessor-version":[{"id":161,"href":"https:\/\/cushion.community-languages.org.uk\/index.php?rest_route=\/wp\/v2\/pages\/8\/revisions\/161"}],"wp:attachment":[{"href":"https:\/\/cushion.community-languages.org.uk\/index.php?rest_route=%2Fwp%2Fv2%2Fmedia&parent=8"}],"curies":[{"name":"wp","href":"https:\/\/api.w.org\/{rel}","templated":true}]}}